{"id":1317,"date":"2021-11-21T15:12:46","date_gmt":"2021-11-21T14:12:46","guid":{"rendered":"https:\/\/www.blueplanetplatform.com\/index.php\/home\/"},"modified":"2024-02-02T15:42:49","modified_gmt":"2024-02-02T14:42:49","slug":"inicio","status":"publish","type":"page","link":"https:\/\/www.blueplanetplatform.com\/","title":{"rendered":"Inicio"},"content":{"rendered":"\t\t<div data-elementor-type=\"wp-page\" data-elementor-id=\"1317\" class=\"elementor elementor-1317\">\n\t\t\t\t<div class=\"elementor-element elementor-element-b860e19 e-flex e-con-boxed e-con e-parent\" data-id=\"b860e19\" data-element_type=\"container\">\n\t\t\t\t\t<div class=\"e-con-inner\">\n\t\t<div class=\"elementor-element elementor-element-d14eaf2 e-con-full e-flex e-con e-child\" data-id=\"d14eaf2\" data-element_type=\"container\">\n\t\t\t\t<div class=\"elementor-element elementor-element-2cfc4ca elementor-widget__width-initial elementor-widget elementor-widget-image\" data-id=\"2cfc4ca\" data-element_type=\"widget\" data-widget_type=\"image.default\">\n\t\t\t\t<div class=\"elementor-widget-container\">\n\t\t\t<style>\/*! elementor - v3.23.0 - 25-07-2024 *\/\n.elementor-widget-image{text-align:center}.elementor-widget-image a{display:inline-block}.elementor-widget-image a img[src$=\".svg\"]{width:48px}.elementor-widget-image img{vertical-align:middle;display:inline-block}<\/style>\t\t\t\t\t\t\t\t\t\t<img fetchpriority=\"high\" decoding=\"async\" width=\"1024\" height=\"683\" src=\"https:\/\/www.blueplanetplatform.com\/wp-content\/uploads\/2024\/02\/01-01-Inicio-mas-pequena-min.jpg\" class=\"attachment-large size-large wp-image-2297\" alt=\"\" \/>\t\t\t\t\t\t\t\t\t\t\t\t\t<\/div>\n\t\t\t\t<\/div>\n\t\t\t\t<\/div>\n\t\t<div class=\"elementor-element elementor-element-22342e9 e-con-full e-flex e-con e-child\" data-id=\"22342e9\" data-element_type=\"container\">\n\t\t\t\t<div class=\"elementor-element elementor-element-2630421 elementor-widget__width-initial elementor-widget elementor-widget-text-editor\" data-id=\"2630421\" data-element_type=\"widget\" data-widget_type=\"text-editor.default\">\n\t\t\t\t<div class=\"elementor-widget-container\">\n\t\t\t<style>\/*! elementor - v3.23.0 - 25-07-2024 *\/\n.elementor-widget-text-editor.elementor-drop-cap-view-stacked .elementor-drop-cap{background-color:#69727d;color:#fff}.elementor-widget-text-editor.elementor-drop-cap-view-framed .elementor-drop-cap{color:#69727d;border:3px solid;background-color:transparent}.elementor-widget-text-editor:not(.elementor-drop-cap-view-default) .elementor-drop-cap{margin-top:8px}.elementor-widget-text-editor:not(.elementor-drop-cap-view-default) .elementor-drop-cap-letter{width:1em;height:1em}.elementor-widget-text-editor .elementor-drop-cap{float:left;text-align:center;line-height:1;font-size:50px}.elementor-widget-text-editor .elementor-drop-cap-letter{display:inline-block}<\/style>\t\t\t\t<p><b>Por un Futuro <\/b><b>S<\/b><b>ostenible<\/b><br><\/p>\t\t\t\t\t\t<\/div>\n\t\t\t\t<\/div>\n\t\t\t\t<div class=\"elementor-element elementor-element-783a7dd elementor-widget elementor-widget-text-editor\" data-id=\"783a7dd\" data-element_type=\"widget\" data-widget_type=\"text-editor.default\">\n\t\t\t\t<div class=\"elementor-widget-container\">\n\t\t\t\t\t\t\t<p><b style=\"font-style: inherit; color: var( --e-global-color-secondary ); background-color: var(--ast-global-color-5);\">Financiamos Proyectos <\/b><b style=\"font-style: inherit; color: var( --e-global-color-secondary ); background-color: var(--ast-global-color-5);\">F<\/b><b style=\"font-style: inherit; color: var( --e-global-color-secondary ); background-color: var(--ast-global-color-5);\">otovoltaicos<\/b><\/p>\t\t\t\t\t\t<\/div>\n\t\t\t\t<\/div>\n\t\t\t\t<\/div>\n\t\t\t\t\t<\/div>\n\t\t\t\t<\/div>\n\t\t<div class=\"elementor-element elementor-element-fd12b12 e-flex e-con-boxed e-con e-parent\" data-id=\"fd12b12\" data-element_type=\"container\">\n\t\t\t\t\t<div class=\"e-con-inner\">\n\t\t\t\t<div class=\"elementor-element elementor-element-7dbf274 elementor-widget elementor-widget-image\" data-id=\"7dbf274\" data-element_type=\"widget\" data-widget_type=\"image.default\">\n\t\t\t\t<div class=\"elementor-widget-container\">\n\t\t\t\t\t\t\t\t\t\t\t\t\t<img decoding=\"async\" width=\"1200\" height=\"60\" src=\"https:\/\/www.blueplanetplatform.com\/wp-content\/uploads\/2024\/01\/Espaciador-01-1.png\" class=\"attachment-full size-full wp-image-2134\" alt=\"\" \/>\t\t\t\t\t\t\t\t\t\t\t\t\t<\/div>\n\t\t\t\t<\/div>\n\t\t\t\t\t<\/div>\n\t\t\t\t<\/div>\n\t\t<div class=\"elementor-element elementor-element-57b8293 e-flex e-con-boxed e-con e-parent\" data-id=\"57b8293\" data-element_type=\"container\">\n\t\t\t\t\t<div class=\"e-con-inner\">\n\t\t\t\t<div class=\"elementor-element elementor-element-f4f3ddf elementor-widget__width-initial elementor-widget elementor-widget-text-editor\" data-id=\"f4f3ddf\" data-element_type=\"widget\" data-widget_type=\"text-editor.default\">\n\t\t\t\t<div class=\"elementor-widget-container\">\n\t\t\t\t\t\t\t<p><b>BPP<\/b> hace posible que el autoconsumo fotovoltaico llegue a todo tipo de clientes :<\/p>\t\t\t\t\t\t<\/div>\n\t\t\t\t<\/div>\n\t\t\t\t\t<\/div>\n\t\t\t\t<\/div>\n\t\t<div class=\"elementor-element elementor-element-2cc83cf e-flex e-con-boxed e-con e-parent\" data-id=\"2cc83cf\" data-element_type=\"container\">\n\t\t\t\t\t<div class=\"e-con-inner\">\n\t\t<div class=\"elementor-element elementor-element-30f0888 e-con-full e-flex e-con e-child\" data-id=\"30f0888\" data-element_type=\"container\">\n\t\t\t\t<div class=\"elementor-element elementor-element-6f33cea elementor-widget elementor-widget-text-editor\" data-id=\"6f33cea\" data-element_type=\"widget\" data-widget_type=\"text-editor.default\">\n\t\t\t\t<div class=\"elementor-widget-container\">\n\t\t\t\t\t\t\t<ul><li>Residenciales, con financiaci\u00f3n en modelo de compra-venta a plazos hasta 20 a\u00f1os.<\/li><\/ul><ul><li>PYMES, con arrendamiento operativo y opci\u00f3n de compra, Renting, hasta 20 a\u00f1os.<\/li><\/ul><ul><li>Grandes empresas en instalaciones a partir de 100 kWp, a trav\u00e9s de contratos PPA (Power Purchase Agreement), hasta 25 a\u00f1os.<\/li><\/ul>\t\t\t\t\t\t<\/div>\n\t\t\t\t<\/div>\n\t\t\t\t<\/div>\n\t\t<div class=\"elementor-element elementor-element-38982a4 e-con-full e-flex e-con e-child\" data-id=\"38982a4\" data-element_type=\"container\">\n\t\t\t\t<div class=\"elementor-element elementor-element-3916bde elementor-widget elementor-widget-image\" data-id=\"3916bde\" data-element_type=\"widget\" data-widget_type=\"image.default\">\n\t\t\t\t<div class=\"elementor-widget-container\">\n\t\t\t\t\t\t\t\t\t\t\t\t\t<img decoding=\"async\" width=\"494\" height=\"430\" src=\"https:\/\/www.blueplanetplatform.com\/wp-content\/uploads\/2024\/02\/02-Inicio-min.jpg\" class=\"attachment-large size-large wp-image-2290\" alt=\"\" \/>\t\t\t\t\t\t\t\t\t\t\t\t\t<\/div>\n\t\t\t\t<\/div>\n\t\t\t\t<\/div>\n\t\t\t\t\t<\/div>\n\t\t\t\t<\/div>\n\t\t<div class=\"elementor-element elementor-element-b138e2b e-flex e-con-boxed e-con e-parent\" data-id=\"b138e2b\" data-element_type=\"container\">\n\t\t\t\t\t<div class=\"e-con-inner\">\n\t\t\t\t<div class=\"elementor-element elementor-element-f28aaf5 elementor-widget elementor-widget-image\" data-id=\"f28aaf5\" data-element_type=\"widget\" data-widget_type=\"image.default\">\n\t\t\t\t<div class=\"elementor-widget-container\">\n\t\t\t\t\t\t\t\t\t\t\t\t\t<img loading=\"lazy\" decoding=\"async\" width=\"1200\" height=\"60\" src=\"https:\/\/www.blueplanetplatform.com\/wp-content\/uploads\/2024\/01\/Espaciador-02.png\" class=\"attachment-full size-full wp-image-2147\" alt=\"\" \/>\t\t\t\t\t\t\t\t\t\t\t\t\t<\/div>\n\t\t\t\t<\/div>\n\t\t\t\t\t<\/div>\n\t\t\t\t<\/div>\n\t\t<div class=\"elementor-element elementor-element-9c63b8a e-flex e-con-boxed e-con e-parent\" data-id=\"9c63b8a\" data-element_type=\"container\">\n\t\t\t\t\t<div class=\"e-con-inner\">\n\t\t\t\t<div class=\"elementor-element elementor-element-b00fe2b elementor-widget__width-initial elementor-widget elementor-widget-text-editor\" data-id=\"b00fe2b\" data-element_type=\"widget\" data-widget_type=\"text-editor.default\">\n\t\t\t\t<div class=\"elementor-widget-container\">\n\t\t\t\t\t\t\t<p>Ofrecemos financiaci\u00f3n a largo plazo para autoconsumo. <br \/>Proporcionamos soluciones personalizadas para todos los segmentos de clientes, adem\u00e1s de procesos digitales que aseguran agilidad en cada paso.<\/p>\t\t\t\t\t\t<\/div>\n\t\t\t\t<\/div>\n\t\t\t\t\t<\/div>\n\t\t\t\t<\/div>\n\t\t<div class=\"elementor-element elementor-element-8d8f253 e-flex e-con-boxed e-con e-parent\" data-id=\"8d8f253\" data-element_type=\"container\">\n\t\t\t\t\t<div class=\"e-con-inner\">\n\t\t\t\t<div class=\"elementor-element elementor-element-9d4bd2d elementor-widget elementor-widget-image\" data-id=\"9d4bd2d\" data-element_type=\"widget\" data-widget_type=\"image.default\">\n\t\t\t\t<div class=\"elementor-widget-container\">\n\t\t\t\t\t\t\t\t\t\t\t\t\t<img decoding=\"async\" width=\"1200\" height=\"60\" src=\"https:\/\/www.blueplanetplatform.com\/wp-content\/uploads\/2024\/01\/Espaciador-01-1.png\" class=\"attachment-full size-full wp-image-2134\" alt=\"\" \/>\t\t\t\t\t\t\t\t\t\t\t\t\t<\/div>\n\t\t\t\t<\/div>\n\t\t\t\t\t<\/div>\n\t\t\t\t<\/div>\n\t\t<div class=\"elementor-element elementor-element-b298bf6 e-flex e-con-boxed e-con e-parent\" data-id=\"b298bf6\" data-element_type=\"container\">\n\t\t\t\t\t<div class=\"e-con-inner\">\n\t\t\t\t<div class=\"elementor-element elementor-element-a61e806 elementor-widget elementor-widget-image\" data-id=\"a61e806\" data-element_type=\"widget\" data-widget_type=\"image.default\">\n\t\t\t\t<div class=\"elementor-widget-container\">\n\t\t\t\t\t\t\t\t\t\t\t\t\t<img loading=\"lazy\" decoding=\"async\" width=\"1550\" height=\"491\" src=\"https:\/\/www.blueplanetplatform.com\/wp-content\/uploads\/2024\/01\/Fondo-01-1.jpg\" class=\"attachment-full size-full wp-image-2149\" alt=\"\" \/>\t\t\t\t\t\t\t\t\t\t\t\t\t<\/div>\n\t\t\t\t<\/div>\n\t\t\t\t\t<\/div>\n\t\t\t\t<\/div>\n\t\t<div class=\"elementor-element elementor-element-f59acad e-flex e-con-boxed e-con e-parent\" data-id=\"f59acad\" data-element_type=\"container\">\n\t\t\t\t\t<div class=\"e-con-inner\">\n\t\t\t\t<div class=\"elementor-element elementor-element-51d7e41 elementor-widget elementor-widget-text-editor\" data-id=\"51d7e41\" data-element_type=\"widget\" data-widget_type=\"text-editor.default\">\n\t\t\t\t<div class=\"elementor-widget-container\">\n\t\t\t\t\t\t\t<p style=\"text-align: right;\"><b>Con BPP tus Clientes \u2026<\/b><\/p>\t\t\t\t\t\t<\/div>\n\t\t\t\t<\/div>\n\t\t\t\t\t<\/div>\n\t\t\t\t<\/div>\n\t\t<div class=\"elementor-element elementor-element-7072bf6 e-flex e-con-boxed e-con e-parent\" data-id=\"7072bf6\" data-element_type=\"container\">\n\t\t\t\t\t<div class=\"e-con-inner\">\n\t\t<div class=\"elementor-element elementor-element-6dd5dde e-con-full e-flex e-con e-child\" data-id=\"6dd5dde\" data-element_type=\"container\">\n\t\t\t\t<div class=\"elementor-element elementor-element-7d4e895 elementor-widget__width-initial elementor-widget-mobile__width-initial elementor-widget elementor-widget-image\" data-id=\"7d4e895\" data-element_type=\"widget\" data-widget_type=\"image.default\">\n\t\t\t\t<div class=\"elementor-widget-container\">\n\t\t\t\t\t\t\t\t\t\t\t\t\t<img loading=\"lazy\" decoding=\"async\" width=\"113\" height=\"258\" src=\"https:\/\/www.blueplanetplatform.com\/wp-content\/uploads\/2024\/01\/3-PUNTOS.jpg\" class=\"attachment-medium_large size-medium_large wp-image-2150\" alt=\"\" \/>\t\t\t\t\t\t\t\t\t\t\t\t\t<\/div>\n\t\t\t\t<\/div>\n\t\t\t\t<\/div>\n\t\t<div class=\"elementor-element elementor-element-bfa62d4 e-con-full e-flex e-con e-child\" data-id=\"bfa62d4\" data-element_type=\"container\">\n\t\t\t\t<div class=\"elementor-element elementor-element-cb0e971 elementor-widget-mobile__width-initial elementor-widget elementor-widget-text-editor\" data-id=\"cb0e971\" data-element_type=\"widget\" data-widget_type=\"text-editor.default\">\n\t\t\t\t<div class=\"elementor-widget-container\">\n\t\t\t\t\t\t\t<ul><li>Obtendr\u00e1n su presupuesto r\u00e1pidamente, en menos de 24 horas y firmar\u00e1n los contratos digitalmente.<\/li><\/ul><ul><li>Los proyectos puede incorporar bater\u00edas, aerotermia y cargadores de veh\u00edculos el\u00e9ctricos.<\/li><\/ul><ul><li>Su potencial de cr\u00e9dito a futuro permanecer\u00e1 intacto, al no ser incluido en el CIRBE.<\/li><\/ul>\t\t\t\t\t\t<\/div>\n\t\t\t\t<\/div>\n\t\t\t\t<\/div>\n\t\t\t\t\t<\/div>\n\t\t\t\t<\/div>\n\t\t<div class=\"elementor-element elementor-element-91e78a8 e-flex e-con-boxed e-con e-parent\" data-id=\"91e78a8\" data-element_type=\"container\">\n\t\t\t\t\t<div class=\"e-con-inner\">\n\t\t\t\t<div class=\"elementor-element elementor-element-0a5dafa elementor-widget elementor-widget-image\" data-id=\"0a5dafa\" data-element_type=\"widget\" data-widget_type=\"image.default\">\n\t\t\t\t<div class=\"elementor-widget-container\">\n\t\t\t\t\t\t\t\t\t\t\t\t\t<img loading=\"lazy\" decoding=\"async\" width=\"1200\" height=\"60\" src=\"https:\/\/www.blueplanetplatform.com\/wp-content\/uploads\/2024\/01\/Espaciador-02.png\" class=\"attachment-full size-full wp-image-2147\" alt=\"\" \/>\t\t\t\t\t\t\t\t\t\t\t\t\t<\/div>\n\t\t\t\t<\/div>\n\t\t\t\t\t<\/div>\n\t\t\t\t<\/div>\n\t\t<div class=\"elementor-element elementor-element-fde6ebf e-flex e-con-boxed e-con e-parent\" data-id=\"fde6ebf\" data-element_type=\"container\">\n\t\t\t\t\t<div class=\"e-con-inner\">\n\t\t<div class=\"elementor-element elementor-element-db54350 e-con-full e-flex e-con e-child\" data-id=\"db54350\" data-element_type=\"container\">\n\t\t\t\t<div class=\"elementor-element elementor-element-895ab60 elementor-widget elementor-widget-image\" data-id=\"895ab60\" data-element_type=\"widget\" data-widget_type=\"image.default\">\n\t\t\t\t<div class=\"elementor-widget-container\">\n\t\t\t\t\t\t\t\t\t\t\t\t\t<img loading=\"lazy\" decoding=\"async\" width=\"425\" height=\"506\" src=\"https:\/\/www.blueplanetplatform.com\/wp-content\/uploads\/2024\/02\/01-04-Movil-como-plataforma-min-01.jpg\" class=\"attachment-large size-large wp-image-2364\" alt=\"\" \/>\t\t\t\t\t\t\t\t\t\t\t\t\t<\/div>\n\t\t\t\t<\/div>\n\t\t\t\t<\/div>\n\t\t<div class=\"elementor-element elementor-element-e390118 e-con-full e-flex e-con e-child\" data-id=\"e390118\" data-element_type=\"container\">\n\t\t\t\t<div class=\"elementor-element elementor-element-43b642e elementor-widget elementor-widget-text-editor\" data-id=\"43b642e\" data-element_type=\"widget\" data-widget_type=\"text-editor.default\">\n\t\t\t\t<div class=\"elementor-widget-container\">\n\t\t\t\t\t\t\t<p>La Plataforma esta pensada para facilitar la transici\u00f3n energ\u00e9tica, tanto a tus clientes particulares como a peque\u00f1as y grandes empresas, eliminando procesos complejos para obtener financiaci\u00f3n.<\/p>\t\t\t\t\t\t<\/div>\n\t\t\t\t<\/div>\n\t\t\t\t<\/div>\n\t\t<div class=\"elementor-element elementor-element-51c6acd e-con-full e-flex e-con e-child\" data-id=\"51c6acd\" data-element_type=\"container\">\n\t\t\t\t<div class=\"elementor-element elementor-element-7ad5181 elementor-widget elementor-widget-image\" data-id=\"7ad5181\" data-element_type=\"widget\" data-widget_type=\"image.default\">\n\t\t\t\t<div class=\"elementor-widget-container\">\n\t\t\t\t\t\t\t\t\t\t\t\t\t<img loading=\"lazy\" decoding=\"async\" width=\"370\" height=\"526\" src=\"https:\/\/www.blueplanetplatform.com\/wp-content\/uploads\/2024\/01\/Transicion.png\" class=\"attachment-large size-large wp-image-2152\" alt=\"\" \/>\t\t\t\t\t\t\t\t\t\t\t\t\t<\/div>\n\t\t\t\t<\/div>\n\t\t\t\t<\/div>\n\t\t\t\t\t<\/div>\n\t\t\t\t<\/div>\n\t\t<div class=\"elementor-element elementor-element-9f4bcef e-flex e-con-boxed e-con e-parent\" data-id=\"9f4bcef\" data-element_type=\"container\">\n\t\t\t\t\t<div class=\"e-con-inner\">\n\t\t\t\t<div class=\"elementor-element elementor-element-6e2ab3b elementor-widget elementor-widget-image\" data-id=\"6e2ab3b\" data-element_type=\"widget\" data-widget_type=\"image.default\">\n\t\t\t\t<div class=\"elementor-widget-container\">\n\t\t\t\t\t\t\t\t\t\t\t\t\t<img decoding=\"async\" width=\"1200\" height=\"60\" src=\"https:\/\/www.blueplanetplatform.com\/wp-content\/uploads\/2024\/01\/Espaciador-01-1.png\" class=\"attachment-full size-full wp-image-2134\" alt=\"\" \/>\t\t\t\t\t\t\t\t\t\t\t\t\t<\/div>\n\t\t\t\t<\/div>\n\t\t\t\t\t<\/div>\n\t\t\t\t<\/div>\n\t\t<div class=\"elementor-element elementor-element-05c04f6 e-flex e-con-boxed e-con e-parent\" data-id=\"05c04f6\" data-element_type=\"container\">\n\t\t\t\t\t<div class=\"e-con-inner\">\n\t\t\t\t<div class=\"elementor-element elementor-element-118cd7f elementor-widget elementor-widget-text-editor\" data-id=\"118cd7f\" data-element_type=\"widget\" data-widget_type=\"text-editor.default\">\n\t\t\t\t<div class=\"elementor-widget-container\">\n\t\t\t\t\t\t\t<p>Con\u00e9ctate ya, con BPP lo har\u00e1s posible<\/p>\t\t\t\t\t\t<\/div>\n\t\t\t\t<\/div>\n\t\t\t\t\t<\/div>\n\t\t\t\t<\/div>\n\t\t<div class=\"elementor-element elementor-element-6efebbb e-flex e-con-boxed e-con e-parent\" data-id=\"6efebbb\" data-element_type=\"container\">\n\t\t\t\t\t<div class=\"e-con-inner\">\n\t\t\t\t<div class=\"elementor-element elementor-element-5dc329c elementor-align-center elementor-widget elementor-widget-button\" data-id=\"5dc329c\" data-element_type=\"widget\" data-widget_type=\"button.default\">\n\t\t\t\t<div class=\"elementor-widget-container\">\n\t\t\t\t\t<div class=\"elementor-button-wrapper\">\n\t\t\t<a class=\"elementor-button elementor-button-link elementor-size-sm\" href=\"https:\/\/www.blueplanetplatform.com\/index.php\/contacto\/\">\n\t\t\t\t\t\t<span class=\"elementor-button-content-wrapper\">\n\t\t\t\t\t\t\t\t\t<span class=\"elementor-button-text\">Ponte en Contacto<\/span>\n\t\t\t\t\t<\/span>\n\t\t\t\t\t<\/a>\n\t\t<\/div>\n\t\t\t\t<\/div>\n\t\t\t\t<\/div>\n\t\t\t\t\t<\/div>\n\t\t\t\t<\/div>\n\t\t<div class=\"elementor-element elementor-element-72083bd e-flex e-con-boxed e-con e-parent\" data-id=\"72083bd\" data-element_type=\"container\" data-settings=\"{&quot;background_background&quot;:&quot;classic&quot;}\">\n\t\t\t\t\t<div class=\"e-con-inner\">\n\t\t<div class=\"elementor-element elementor-element-1eae5d7 e-con-full e-flex e-con e-child\" data-id=\"1eae5d7\" data-element_type=\"container\">\n\t\t\t\t<div class=\"elementor-element elementor-element-8683ab7 elementor-widget__width-initial elementor-widget elementor-widget-image\" data-id=\"8683ab7\" data-element_type=\"widget\" data-widget_type=\"image.default\">\n\t\t\t\t<div class=\"elementor-widget-container\">\n\t\t\t\t\t\t\t\t\t\t\t\t\t<img loading=\"lazy\" decoding=\"async\" width=\"1000\" height=\"500\" src=\"https:\/\/www.blueplanetplatform.com\/wp-content\/uploads\/2023\/11\/Logo-BPP-Gris-Tem-02.png\" class=\"attachment-large size-large wp-image-1964\" alt=\"\" \/>\t\t\t\t\t\t\t\t\t\t\t\t\t<\/div>\n\t\t\t\t<\/div>\n\t\t\t\t<\/div>\n\t\t<div class=\"elementor-element elementor-element-cc06442 e-con-full e-flex e-con e-child\" data-id=\"cc06442\" data-element_type=\"container\">\n\t\t\t\t<div class=\"elementor-element elementor-element-a9fa18a elementor-widget__width-initial elementor-widget elementor-widget-text-editor\" data-id=\"a9fa18a\" data-element_type=\"widget\" data-widget_type=\"text-editor.default\">\n\t\t\t\t<div class=\"elementor-widget-container\">\n\t\t\t\t\t\t\t<p>Calle Catedr\u00e1tico Aberlado Rigual 12,<br \/>03540 &#8211; Alicante &#8211; Spain<\/p><p>M\u00f3vil +34 965 03 63 78<\/p>\t\t\t\t\t\t<\/div>\n\t\t\t\t<\/div>\n\t\t\t\t<\/div>\n\t\t\t\t\t<\/div>\n\t\t\t\t<\/div>\n\t\t\t\t<\/div>\n\t\t","protected":false},"excerpt":{"rendered":"<p>Por un Futuro Sostenible Financiamos Proyectos Fotovoltaicos BPP hace posible que el autoconsumo fotovoltaico llegue a todo tipo de clientes : Residenciales, con financiaci\u00f3n en modelo de compra-venta a plazos hasta 20 a\u00f1os. PYMES, con arrendamiento operativo y opci\u00f3n de compra, Renting, hasta 20 a\u00f1os. Grandes empresas en instalaciones a partir de 100 kWp, a &hellip;<\/p>\n<p class=\"read-more\"> <a class=\"\" href=\"https:\/\/www.blueplanetplatform.com\/\"> <span class=\"screen-reader-text\">Inicio<\/span> Leer m\u00e1s &raquo;<\/a><\/p>\n","protected":false},"author":1,"featured_media":0,"parent":0,"menu_order":0,"comment_status":"closed","ping_status":"closed","template":"","meta":{"site-sidebar-layout":"no-sidebar","site-content-layout":"page-builder","ast-site-content-layout":"full-width-container","site-content-style":"unboxed","site-sidebar-style":"unboxed","ast-global-header-display":"","ast-banner-title-visibility":"","ast-main-header-display":"","ast-hfb-above-header-display":"","ast-hfb-below-header-display":"","ast-hfb-mobile-header-display":"","site-post-title":"disabled","ast-breadcrumbs-content":"","ast-featured-img":"disabled","footer-sml-layout":"","theme-transparent-header-meta":"disabled","adv-header-id-meta":"","stick-header-meta":"","header-above-stick-meta":"","header-main-stick-meta":"","header-below-stick-meta":"","astra-migrate-meta-layouts":"set","ast-page-background-enabled":"default","ast-page-background-meta":{"desktop":{"background-color":"var(--ast-global-color-4)","background-image":"","background-repeat":"repeat","background-position":"center center","background-size":"auto","background-attachment":"scroll","background-type":"","background-media":"","overlay-type":"","overlay-color":"","overlay-gradient":""},"tablet":{"background-color":"","background-image":"","background-repeat":"repeat","background-position":"center center","background-size":"auto","background-attachment":"scroll","background-type":"","background-media":"","overlay-type":"","overlay-color":"","overlay-gradient":""},"mobile":{"background-color":"","background-image":"","background-repeat":"repeat","background-position":"center center","background-size":"auto","background-attachment":"scroll","background-type":"","background-media":"","overlay-type":"","overlay-color":"","overlay-gradient":""}},"ast-content-background-meta":{"desktop":{"background-color":"var(--ast-global-color-5)","background-image":"","background-repeat":"repeat","background-position":"center center","background-size":"auto","background-attachment":"scroll","background-type":"","background-media":"","overlay-type":"","overlay-color":"","overlay-gradient":""},"tablet":{"background-color":"var(--ast-global-color-5)","background-image":"","background-repeat":"repeat","background-position":"center center","background-size":"auto","background-attachment":"scroll","background-type":"","background-media":"","overlay-type":"","overlay-color":"","overlay-gradient":""},"mobile":{"background-color":"var(--ast-global-color-5)","background-image":"","background-repeat":"repeat","background-position":"center center","background-size":"auto","background-attachment":"scroll","background-type":"","background-media":"","overlay-type":"","overlay-color":"","overlay-gradient":""}},"_joinchat":[],"footnotes":""},"class_list":["post-1317","page","type-page","status-publish","hentry"],"_links":{"self":[{"href":"https:\/\/www.blueplanetplatform.com\/index.php\/wp-json\/wp\/v2\/pages\/1317"}],"collection":[{"href":"https:\/\/www.blueplanetplatform.com\/index.php\/wp-json\/wp\/v2\/pages"}],"about":[{"href":"https:\/\/www.blueplanetplatform.com\/index.php\/wp-json\/wp\/v2\/types\/page"}],"author":[{"embeddable":true,"href":"https:\/\/www.blueplanetplatform.com\/index.php\/wp-json\/wp\/v2\/users\/1"}],"replies":[{"embeddable":true,"href":"https:\/\/www.blueplanetplatform.com\/index.php\/wp-json\/wp\/v2\/comments?post=1317"}],"version-history":[{"count":327,"href":"https:\/\/www.blueplanetplatform.com\/index.php\/wp-json\/wp\/v2\/pages\/1317\/revisions"}],"predecessor-version":[{"id":2367,"href":"https:\/\/www.blueplanetplatform.com\/index.php\/wp-json\/wp\/v2\/pages\/1317\/revisions\/2367"}],"wp:attachment":[{"href":"https:\/\/www.blueplanetplatform.com\/index.php\/wp-json\/wp\/v2\/media?parent=1317"}],"curies":[{"name":"wp","href":"https:\/\/api.w.org\/{rel}","templated":true}]}}